{"id":35,"date":"2025-03-29T16:55:50","date_gmt":"2025-03-29T16:55:50","guid":{"rendered":"https:\/\/www.provaspecialities.com\/?page_id=35"},"modified":"2025-08-18T20:23:46","modified_gmt":"2025-08-18T20:23:46","slug":"front_page-2","status":"publish","type":"page","link":"https:\/\/www.provaspecialities.com\/","title":{"rendered":"Home"},"content":{"rendered":"\t\t<div data-elementor-type=\"wp-page\" data-elementor-id=\"35\" class=\"elementor elementor-35\">\n\t\t\t\t<div class=\"elementor-element elementor-element-3f40ce5b e-con-full e-flex e-con e-parent\" data-id=\"3f40ce5b\" data-element_type=\"container\" data-settings=\"{&quot;background_background&quot;:&quot;classic&quot;}\">\n\t\t<div class=\"elementor-element elementor-element-28680fbc e-con-full e-flex e-con e-child\" data-id=\"28680fbc\" data-element_type=\"container\">\n\t\t\t\t<div class=\"elementor-element elementor-element-4d3ad961 elementor-widget elementor-widget-heading\" data-id=\"4d3ad961\" data-element_type=\"widget\" data-widget_type=\"heading.default\">\n\t\t\t\t<div class=\"elementor-widget-container\">\n\t\t\t\t\t<h1 class=\"elementor-heading-title elementor-size-default\">Premium Car Coatings<\/h1>\t\t\t\t<\/div>\n\t\t\t\t<\/div>\n\t\t\t\t<div class=\"elementor-element elementor-element-4069c30c elementor-widget elementor-widget-text-editor\" data-id=\"4069c30c\" data-element_type=\"widget\" data-widget_type=\"text-editor.default\">\n\t\t\t\t<div class=\"elementor-widget-container\">\n\t\t\t\t\t\t\t\t\t<p>Zmiana nie nadchodzi, ona ju\u017c tu jest i ma swoj\u0105 nazw\u0119.<\/p><p>Jeszcze chwila.<\/p>\t\t\t\t\t\t\t\t<\/div>\n\t\t\t\t<\/div>\n\t\t\t\t<\/div>\n\t\t\t\t<\/div>\n\t\t<div class=\"elementor-element elementor-element-da509e2 e-flex e-con-boxed e-con e-parent\" data-id=\"da509e2\" data-element_type=\"container\">\n\t\t\t\t\t<div class=\"e-con-inner\">\n\t\t<div class=\"elementor-element elementor-element-e3b5b7f e-con-full e-flex e-con e-child\" data-id=\"e3b5b7f\" data-element_type=\"container\">\n\t\t\t\t<div class=\"elementor-element elementor-element-32f1096 elementor-widget elementor-widget-image\" data-id=\"32f1096\" data-element_type=\"widget\" data-widget_type=\"image.default\">\n\t\t\t\t<div class=\"elementor-widget-container\">\n\t\t\t\t\t\t\t\t\t\t\t\t\t\t\t<img fetchpriority=\"high\" decoding=\"async\" width=\"800\" height=\"534\" src=\"https:\/\/www.provaspecialities.com\/wp-content\/uploads\/2025\/08\/ChatGPT-Image-17-sie-2025-22_25_01-1024x683.png\" class=\"attachment-large size-large wp-image-199\" alt=\"\" srcset=\"https:\/\/www.provaspecialities.com\/wp-content\/uploads\/2025\/08\/ChatGPT-Image-17-sie-2025-22_25_01-1024x683.png 1024w, https:\/\/www.provaspecialities.com\/wp-content\/uploads\/2025\/08\/ChatGPT-Image-17-sie-2025-22_25_01-300x200.png 300w, https:\/\/www.provaspecialities.com\/wp-content\/uploads\/2025\/08\/ChatGPT-Image-17-sie-2025-22_25_01-768x512.png 768w, https:\/\/www.provaspecialities.com\/wp-content\/uploads\/2025\/08\/ChatGPT-Image-17-sie-2025-22_25_01.png 1536w\" sizes=\"(max-width: 800px) 100vw, 800px\" \/>\t\t\t\t\t\t\t\t\t\t\t\t\t\t\t<\/div>\n\t\t\t\t<\/div>\n\t\t\t\t<\/div>\n\t\t<div class=\"elementor-element elementor-element-bd85470 e-con-full e-flex e-con e-child\" data-id=\"bd85470\" data-element_type=\"container\">\n\t\t\t\t<div class=\"elementor-element elementor-element-2b858fec elementor-widget elementor-widget-heading\" data-id=\"2b858fec\" data-element_type=\"widget\" data-widget_type=\"heading.default\">\n\t\t\t\t<div class=\"elementor-widget-container\">\n\t\t\t\t\t<h3 class=\"elementor-heading-title elementor-size-default\">Prova Specialities<\/h3>\t\t\t\t<\/div>\n\t\t\t\t<\/div>\n\t\t\t\t<div class=\"elementor-element elementor-element-60001278 elementor-widget elementor-widget-text-editor\" data-id=\"60001278\" data-element_type=\"widget\" data-widget_type=\"text-editor.default\">\n\t\t\t\t<div class=\"elementor-widget-container\">\n\t\t\t\t\t\t\t\t\t<p class=\"\" data-start=\"108\" data-end=\"355\">Z pasji do perfekcji i wiedzy rodz\u0105 si\u0119 najlepsze rozwi\u0105zania. Tak w\u0142a\u015bnie powsta\u0142a nasza marka \u2013 z unikalnego po\u0142\u0105czenia do\u015bwiadczenia profesjonalnego detailera i wiedzy chemika specjalizuj\u0105cego si\u0119 w tworzeniu zaawansowanych pow\u0142ok ochronnych.<\/p><p class=\"\" data-start=\"357\" data-end=\"597\">Widzieli\u015bmy, jak wiele produkt\u00f3w na rynku nie spe\u0142nia oczekiwa\u0144 \u2013 dlatego postanowili\u015bmy stworzy\u0107 w\u0142asne. Nasze formu\u0142y to efekt setek godzin test\u00f3w, dopracowywania detali i realnych potrzeb ludzi, kt\u00f3rzy codziennie pracuj\u0105 z samochodami.<\/p><p class=\"\" data-start=\"810\" data-end=\"859\">Nowa generacja ochrony zaczyna si\u0119 w\u0142a\u015bnie tutaj.<\/p>\t\t\t\t\t\t\t\t<\/div>\n\t\t\t\t<\/div>\n\t\t\t\t<\/div>\n\t\t\t\t\t<\/div>\n\t\t\t\t<\/div>\n\t\t<div class=\"elementor-element elementor-element-142afad0 e-con-full e-flex e-con e-parent\" data-id=\"142afad0\" data-element_type=\"container\" id=\"next\">\n\t\t\t\t<div class=\"elementor-element elementor-element-71d978cd elementor-widget elementor-widget-heading\" data-id=\"71d978cd\" data-element_type=\"widget\" data-widget_type=\"heading.default\">\n\t\t\t\t<div class=\"elementor-widget-container\">\n\t\t\t\t\t<h3 class=\"elementor-heading-title elementor-size-default\">Nasze pow\u0142oki ochronne<\/h3>\t\t\t\t<\/div>\n\t\t\t\t<\/div>\n\t\t\t\t<div class=\"elementor-element elementor-element-6aed7a6 elementor-widget elementor-widget-heading\" data-id=\"6aed7a6\" data-element_type=\"widget\" data-widget_type=\"heading.default\">\n\t\t\t\t<div class=\"elementor-widget-container\">\n\t\t\t\t\t<p class=\"elementor-heading-title elementor-size-default\">Poznaj pow\u0142oki ceramiczne nowej generacji<\/p>\t\t\t\t<\/div>\n\t\t\t\t<\/div>\n\t\t<div class=\"elementor-element elementor-element-4d9399b6 e-con-full e-flex e-con e-child\" data-id=\"4d9399b6\" data-element_type=\"container\">\n\t\t<div class=\"elementor-element elementor-element-3818c36f e-con-full e-flex e-con e-child\" data-id=\"3818c36f\" data-element_type=\"container\">\n\t\t\t\t<div class=\"elementor-element elementor-element-1574d79c elementor-position-top elementor-widget elementor-widget-image-box\" data-id=\"1574d79c\" data-element_type=\"widget\" data-widget_type=\"image-box.default\">\n\t\t\t\t<div class=\"elementor-widget-container\">\n\t\t\t\t\t<div class=\"elementor-image-box-wrapper\"><figure class=\"elementor-image-box-img\"><a href=\"#\" tabindex=\"-1\"><img decoding=\"async\" width=\"1024\" height=\"1536\" src=\"https:\/\/www.provaspecialities.com\/wp-content\/uploads\/2025\/08\/ChatGPT-Image-17-sie-2025-21_34_09.png\" class=\"elementor-animation-grow attachment-full size-full wp-image-188\" alt=\"\" srcset=\"https:\/\/www.provaspecialities.com\/wp-content\/uploads\/2025\/08\/ChatGPT-Image-17-sie-2025-21_34_09.png 1024w, https:\/\/www.provaspecialities.com\/wp-content\/uploads\/2025\/08\/ChatGPT-Image-17-sie-2025-21_34_09-200x300.png 200w, https:\/\/www.provaspecialities.com\/wp-content\/uploads\/2025\/08\/ChatGPT-Image-17-sie-2025-21_34_09-683x1024.png 683w, https:\/\/www.provaspecialities.com\/wp-content\/uploads\/2025\/08\/ChatGPT-Image-17-sie-2025-21_34_09-768x1152.png 768w\" sizes=\"(max-width: 1024px) 100vw, 1024px\" \/><\/a><\/figure><div class=\"elementor-image-box-content\"><h4 class=\"elementor-image-box-title\"><a href=\"#\">PRO-PLASTICS<\/a><\/h4><p class=\"elementor-image-box-description\">zabezpieczenie plastik\u00f3w<\/p><\/div><\/div>\t\t\t\t<\/div>\n\t\t\t\t<\/div>\n\t\t\t\t<\/div>\n\t\t<div class=\"elementor-element elementor-element-1562ce6a e-con-full e-flex e-con e-child\" data-id=\"1562ce6a\" data-element_type=\"container\">\n\t\t\t\t<div class=\"elementor-element elementor-element-34dc3fa0 elementor-position-top elementor-widget elementor-widget-image-box\" data-id=\"34dc3fa0\" data-element_type=\"widget\" data-widget_type=\"image-box.default\">\n\t\t\t\t<div class=\"elementor-widget-container\">\n\t\t\t\t\t<div class=\"elementor-image-box-wrapper\"><figure class=\"elementor-image-box-img\"><a href=\"#\" tabindex=\"-1\"><img decoding=\"async\" width=\"1024\" height=\"1536\" src=\"https:\/\/www.provaspecialities.com\/wp-content\/uploads\/2025\/08\/ChatGPT-Image-10-sie-2025-19_33_20.png\" class=\"elementor-animation-grow attachment-full size-full wp-image-170\" alt=\"\" srcset=\"https:\/\/www.provaspecialities.com\/wp-content\/uploads\/2025\/08\/ChatGPT-Image-10-sie-2025-19_33_20.png 1024w, https:\/\/www.provaspecialities.com\/wp-content\/uploads\/2025\/08\/ChatGPT-Image-10-sie-2025-19_33_20-200x300.png 200w, https:\/\/www.provaspecialities.com\/wp-content\/uploads\/2025\/08\/ChatGPT-Image-10-sie-2025-19_33_20-683x1024.png 683w, https:\/\/www.provaspecialities.com\/wp-content\/uploads\/2025\/08\/ChatGPT-Image-10-sie-2025-19_33_20-768x1152.png 768w\" sizes=\"(max-width: 1024px) 100vw, 1024px\" \/><\/a><\/figure><div class=\"elementor-image-box-content\"><h4 class=\"elementor-image-box-title\"><a href=\"#\">PRO-NEXT <\/a><\/h4><p class=\"elementor-image-box-description\">coming soon<\/p><\/div><\/div>\t\t\t\t<\/div>\n\t\t\t\t<\/div>\n\t\t\t\t<\/div>\n\t\t<div class=\"elementor-element elementor-element-58148e37 e-con-full e-flex e-con e-child\" data-id=\"58148e37\" data-element_type=\"container\">\n\t\t\t\t<div class=\"elementor-element elementor-element-e9c0851 elementor-position-top elementor-widget elementor-widget-image-box\" data-id=\"e9c0851\" data-element_type=\"widget\" data-widget_type=\"image-box.default\">\n\t\t\t\t<div class=\"elementor-widget-container\">\n\t\t\t\t\t<div class=\"elementor-image-box-wrapper\"><figure class=\"elementor-image-box-img\"><a href=\"#\" tabindex=\"-1\"><img decoding=\"async\" width=\"1024\" height=\"1536\" src=\"https:\/\/www.provaspecialities.com\/wp-content\/uploads\/2025\/08\/ChatGPT-Image-10-sie-2025-19_33_20.png\" class=\"elementor-animation-grow attachment-full size-full wp-image-170\" alt=\"\" srcset=\"https:\/\/www.provaspecialities.com\/wp-content\/uploads\/2025\/08\/ChatGPT-Image-10-sie-2025-19_33_20.png 1024w, https:\/\/www.provaspecialities.com\/wp-content\/uploads\/2025\/08\/ChatGPT-Image-10-sie-2025-19_33_20-200x300.png 200w, https:\/\/www.provaspecialities.com\/wp-content\/uploads\/2025\/08\/ChatGPT-Image-10-sie-2025-19_33_20-683x1024.png 683w, https:\/\/www.provaspecialities.com\/wp-content\/uploads\/2025\/08\/ChatGPT-Image-10-sie-2025-19_33_20-768x1152.png 768w\" sizes=\"(max-width: 1024px) 100vw, 1024px\" \/><\/a><\/figure><div class=\"elementor-image-box-content\"><h4 class=\"elementor-image-box-title\"><a href=\"#\">PRO-NEXT <\/a><\/h4><p class=\"elementor-image-box-description\">coming soon<\/p><\/div><\/div>\t\t\t\t<\/div>\n\t\t\t\t<\/div>\n\t\t\t\t<\/div>\n\t\t<div class=\"elementor-element elementor-element-a9ab3b2 e-con-full e-flex e-con e-child\" data-id=\"a9ab3b2\" data-element_type=\"container\">\n\t\t\t\t<div class=\"elementor-element elementor-element-9f5963a elementor-position-top elementor-widget elementor-widget-image-box\" data-id=\"9f5963a\" data-element_type=\"widget\" data-widget_type=\"image-box.default\">\n\t\t\t\t<div class=\"elementor-widget-container\">\n\t\t\t\t\t<div class=\"elementor-image-box-wrapper\"><figure class=\"elementor-image-box-img\"><a href=\"#\" tabindex=\"-1\"><img decoding=\"async\" width=\"1024\" height=\"1536\" src=\"https:\/\/www.provaspecialities.com\/wp-content\/uploads\/2025\/08\/ChatGPT-Image-10-sie-2025-19_33_20.png\" class=\"elementor-animation-grow attachment-full size-full wp-image-170\" alt=\"\" srcset=\"https:\/\/www.provaspecialities.com\/wp-content\/uploads\/2025\/08\/ChatGPT-Image-10-sie-2025-19_33_20.png 1024w, https:\/\/www.provaspecialities.com\/wp-content\/uploads\/2025\/08\/ChatGPT-Image-10-sie-2025-19_33_20-200x300.png 200w, https:\/\/www.provaspecialities.com\/wp-content\/uploads\/2025\/08\/ChatGPT-Image-10-sie-2025-19_33_20-683x1024.png 683w, https:\/\/www.provaspecialities.com\/wp-content\/uploads\/2025\/08\/ChatGPT-Image-10-sie-2025-19_33_20-768x1152.png 768w\" sizes=\"(max-width: 1024px) 100vw, 1024px\" \/><\/a><\/figure><div class=\"elementor-image-box-content\"><h4 class=\"elementor-image-box-title\"><a href=\"#\">PRO-NEXT <\/a><\/h4><p class=\"elementor-image-box-description\">coming soon<\/p><\/div><\/div>\t\t\t\t<\/div>\n\t\t\t\t<\/div>\n\t\t\t\t<\/div>\n\t\t<div class=\"elementor-element elementor-element-85d0cd3 e-con-full e-flex e-con e-child\" data-id=\"85d0cd3\" data-element_type=\"container\">\n\t\t\t\t<div class=\"elementor-element elementor-element-6f7e29f elementor-position-top elementor-widget elementor-widget-image-box\" data-id=\"6f7e29f\" data-element_type=\"widget\" data-widget_type=\"image-box.default\">\n\t\t\t\t<div class=\"elementor-widget-container\">\n\t\t\t\t\t<div class=\"elementor-image-box-wrapper\"><figure class=\"elementor-image-box-img\"><a href=\"#\" tabindex=\"-1\"><img decoding=\"async\" width=\"1024\" height=\"1536\" src=\"https:\/\/www.provaspecialities.com\/wp-content\/uploads\/2025\/08\/ChatGPT-Image-10-sie-2025-19_33_20.png\" class=\"elementor-animation-grow attachment-full size-full wp-image-170\" alt=\"\" srcset=\"https:\/\/www.provaspecialities.com\/wp-content\/uploads\/2025\/08\/ChatGPT-Image-10-sie-2025-19_33_20.png 1024w, https:\/\/www.provaspecialities.com\/wp-content\/uploads\/2025\/08\/ChatGPT-Image-10-sie-2025-19_33_20-200x300.png 200w, https:\/\/www.provaspecialities.com\/wp-content\/uploads\/2025\/08\/ChatGPT-Image-10-sie-2025-19_33_20-683x1024.png 683w, https:\/\/www.provaspecialities.com\/wp-content\/uploads\/2025\/08\/ChatGPT-Image-10-sie-2025-19_33_20-768x1152.png 768w\" sizes=\"(max-width: 1024px) 100vw, 1024px\" \/><\/a><\/figure><div class=\"elementor-image-box-content\"><h4 class=\"elementor-image-box-title\"><a href=\"#\">PRO-NEXT <\/a><\/h4><p class=\"elementor-image-box-description\">coming soon<\/p><\/div><\/div>\t\t\t\t<\/div>\n\t\t\t\t<\/div>\n\t\t\t\t<\/div>\n\t\t\t\t<\/div>\n\t\t\t\t<\/div>\n\t\t<div class=\"elementor-element elementor-element-5ca0077b e-con-full e-flex e-con e-parent\" data-id=\"5ca0077b\" data-element_type=\"container\" data-settings=\"{&quot;background_background&quot;:&quot;classic&quot;}\">\n\t\t\t\t<div class=\"elementor-element elementor-element-3a6f1465 elementor-widget elementor-widget-heading\" data-id=\"3a6f1465\" data-element_type=\"widget\" data-widget_type=\"heading.default\">\n\t\t\t\t<div class=\"elementor-widget-container\">\n\t\t\t\t\t<h3 class=\"elementor-heading-title elementor-size-default\">Dlaczego warto wybra\u0107 nasze produkty?<\/h3>\t\t\t\t<\/div>\n\t\t\t\t<\/div>\n\t\t\t\t<\/div>\n\t\t<div class=\"elementor-element elementor-element-7c5f040 e-flex e-con-boxed e-con e-parent\" data-id=\"7c5f040\" data-element_type=\"container\">\n\t\t\t\t\t<div class=\"e-con-inner\">\n\t\t<div class=\"elementor-element elementor-element-a4aef00 e-con-full e-flex e-con e-child\" data-id=\"a4aef00\" data-element_type=\"container\">\n\t\t\t\t<div class=\"elementor-element elementor-element-1b30d6e elementor-widget elementor-widget-image\" data-id=\"1b30d6e\" data-element_type=\"widget\" data-widget_type=\"image.default\">\n\t\t\t\t<div class=\"elementor-widget-container\">\n\t\t\t\t\t\t\t\t\t\t\t\t\t\t\t<img loading=\"lazy\" decoding=\"async\" width=\"150\" height=\"150\" src=\"https:\/\/www.provaspecialities.com\/wp-content\/uploads\/2025\/08\/prova-specialities-17-150x150.png\" class=\"attachment-thumbnail size-thumbnail wp-image-209\" alt=\"\" srcset=\"https:\/\/www.provaspecialities.com\/wp-content\/uploads\/2025\/08\/prova-specialities-17-150x150.png 150w, https:\/\/www.provaspecialities.com\/wp-content\/uploads\/2025\/08\/prova-specialities-17-300x300.png 300w, https:\/\/www.provaspecialities.com\/wp-content\/uploads\/2025\/08\/prova-specialities-17.png 500w\" sizes=\"(max-width: 150px) 100vw, 150px\" \/>\t\t\t\t\t\t\t\t\t\t\t\t\t\t\t<\/div>\n\t\t\t\t<\/div>\n\t\t\t\t<div class=\"elementor-element elementor-element-88f7a92 elementor-widget elementor-widget-text-editor\" data-id=\"88f7a92\" data-element_type=\"widget\" data-widget_type=\"text-editor.default\">\n\t\t\t\t<div class=\"elementor-widget-container\">\n\t\t\t\t\t\t\t\t\t<p>stworzone przez praktyk\u00f3w<\/p>\t\t\t\t\t\t\t\t<\/div>\n\t\t\t\t<\/div>\n\t\t\t\t<\/div>\n\t\t<div class=\"elementor-element elementor-element-9f1eeb0 e-con-full e-flex e-con e-child\" data-id=\"9f1eeb0\" data-element_type=\"container\">\n\t\t\t\t<div class=\"elementor-element elementor-element-d3ebb72 elementor-widget elementor-widget-image\" data-id=\"d3ebb72\" data-element_type=\"widget\" data-widget_type=\"image.default\">\n\t\t\t\t<div class=\"elementor-widget-container\">\n\t\t\t\t\t\t\t\t\t\t\t\t\t\t\t<img loading=\"lazy\" decoding=\"async\" width=\"150\" height=\"150\" src=\"https:\/\/www.provaspecialities.com\/wp-content\/uploads\/2025\/08\/ChatGPT-Image-18-sie-2025-20_34_28-150x150.png\" class=\"attachment-thumbnail size-thumbnail wp-image-211\" alt=\"\" srcset=\"https:\/\/www.provaspecialities.com\/wp-content\/uploads\/2025\/08\/ChatGPT-Image-18-sie-2025-20_34_28-150x150.png 150w, https:\/\/www.provaspecialities.com\/wp-content\/uploads\/2025\/08\/ChatGPT-Image-18-sie-2025-20_34_28-300x300.png 300w, https:\/\/www.provaspecialities.com\/wp-content\/uploads\/2025\/08\/ChatGPT-Image-18-sie-2025-20_34_28-768x768.png 768w, https:\/\/www.provaspecialities.com\/wp-content\/uploads\/2025\/08\/ChatGPT-Image-18-sie-2025-20_34_28.png 1024w\" sizes=\"(max-width: 150px) 100vw, 150px\" \/>\t\t\t\t\t\t\t\t\t\t\t\t\t\t\t<\/div>\n\t\t\t\t<\/div>\n\t\t\t\t<div class=\"elementor-element elementor-element-9b71fba elementor-widget elementor-widget-text-editor\" data-id=\"9b71fba\" data-element_type=\"widget\" data-widget_type=\"text-editor.default\">\n\t\t\t\t<div class=\"elementor-widget-container\">\n\t\t\t\t\t\t\t\t\t<p>wyj\u0105tkowa trwa\u0142o\u015b\u0107<\/p>\t\t\t\t\t\t\t\t<\/div>\n\t\t\t\t<\/div>\n\t\t\t\t<\/div>\n\t\t<div class=\"elementor-element elementor-element-60e79cd e-con-full e-flex e-con e-child\" data-id=\"60e79cd\" data-element_type=\"container\">\n\t\t\t\t<div class=\"elementor-element elementor-element-8991acf elementor-widget elementor-widget-image\" data-id=\"8991acf\" data-element_type=\"widget\" data-widget_type=\"image.default\">\n\t\t\t\t<div class=\"elementor-widget-container\">\n\t\t\t\t\t\t\t\t\t\t\t\t\t\t\t<img loading=\"lazy\" decoding=\"async\" width=\"150\" height=\"150\" src=\"https:\/\/www.provaspecialities.com\/wp-content\/uploads\/2025\/08\/Zrzut-ekranu-2025-08-18-o-21.54.19-150x150.png\" class=\"attachment-thumbnail size-thumbnail wp-image-228\" alt=\"\" \/>\t\t\t\t\t\t\t\t\t\t\t\t\t\t\t<\/div>\n\t\t\t\t<\/div>\n\t\t\t\t<div class=\"elementor-element elementor-element-b827f4a elementor-widget elementor-widget-text-editor\" data-id=\"b827f4a\" data-element_type=\"widget\" data-widget_type=\"text-editor.default\">\n\t\t\t\t<div class=\"elementor-widget-container\">\n\t\t\t\t\t\t\t\t\t<p>\u0142atwa aplikacja<\/p>\t\t\t\t\t\t\t\t<\/div>\n\t\t\t\t<\/div>\n\t\t\t\t<\/div>\n\t\t<div class=\"elementor-element elementor-element-bfe31bd e-con-full e-flex e-con e-child\" data-id=\"bfe31bd\" data-element_type=\"container\">\n\t\t\t\t<div class=\"elementor-element elementor-element-41df137 elementor-widget elementor-widget-image\" data-id=\"41df137\" data-element_type=\"widget\" data-widget_type=\"image.default\">\n\t\t\t\t<div class=\"elementor-widget-container\">\n\t\t\t\t\t\t\t\t\t\t\t\t\t\t\t<img loading=\"lazy\" decoding=\"async\" width=\"150\" height=\"150\" src=\"https:\/\/www.provaspecialities.com\/wp-content\/uploads\/2025\/08\/ChatGPT-Image-18-sie-2025-21_52_39-150x150.png\" class=\"attachment-thumbnail size-thumbnail wp-image-222\" alt=\"\" srcset=\"https:\/\/www.provaspecialities.com\/wp-content\/uploads\/2025\/08\/ChatGPT-Image-18-sie-2025-21_52_39-150x150.png 150w, https:\/\/www.provaspecialities.com\/wp-content\/uploads\/2025\/08\/ChatGPT-Image-18-sie-2025-21_52_39-300x300.png 300w, https:\/\/www.provaspecialities.com\/wp-content\/uploads\/2025\/08\/ChatGPT-Image-18-sie-2025-21_52_39-768x768.png 768w, https:\/\/www.provaspecialities.com\/wp-content\/uploads\/2025\/08\/ChatGPT-Image-18-sie-2025-21_52_39.png 1024w\" sizes=\"(max-width: 150px) 100vw, 150px\" \/>\t\t\t\t\t\t\t\t\t\t\t\t\t\t\t<\/div>\n\t\t\t\t<\/div>\n\t\t\t\t<div class=\"elementor-element elementor-element-008237f elementor-widget elementor-widget-text-editor\" data-id=\"008237f\" data-element_type=\"widget\" data-widget_type=\"text-editor.default\">\n\t\t\t\t<div class=\"elementor-widget-container\">\n\t\t\t\t\t\t\t\t\t<p>technologia nowej generacji<\/p>\t\t\t\t\t\t\t\t<\/div>\n\t\t\t\t<\/div>\n\t\t\t\t<\/div>\n\t\t\t\t\t<\/div>\n\t\t\t\t<\/div>\n\t\t<footer class=\"elementor-element elementor-element-1b498c1c e-con-full e-flex e-con e-parent\" data-id=\"1b498c1c\" data-element_type=\"container\">\n\t\t<div class=\"elementor-element elementor-element-614d0596 e-con-full e-flex e-con e-child\" data-id=\"614d0596\" data-element_type=\"container\">\n\t\t\t\t<\/div>\n\t\t<div class=\"elementor-element elementor-element-317aa409 e-con-full e-flex e-con e-child\" data-id=\"317aa409\" data-element_type=\"container\">\n\t\t\t\t<\/div>\n\t\t<div class=\"elementor-element elementor-element-26dd83f e-con-full e-flex e-con e-child\" data-id=\"26dd83f\" data-element_type=\"container\">\n\t\t\t\t<div class=\"elementor-element elementor-element-57c0448 elementor-widget elementor-widget-text-editor\" data-id=\"57c0448\" data-element_type=\"widget\" data-widget_type=\"text-editor.default\">\n\t\t\t\t<div class=\"elementor-widget-container\">\n\t\t\t\t\t\t\t\t\t<p>biuro@provaspecialities.com<\/p>\t\t\t\t\t\t\t\t<\/div>\n\t\t\t\t<\/div>\n\t\t\t\t<\/div>\n\t\t\t\t<\/footer>\n\t\t\t\t<\/div>\n\t\t","protected":false},"excerpt":{"rendered":"<p>Premium Car Coatings Zmiana nie nadchodzi, ona ju\u017c tu jest i ma swoj\u0105 nazw\u0119. Jeszcze chwila. Prova Specialities Z pasji do perfekcji i wiedzy rodz\u0105 si\u0119 najlepsze rozwi\u0105zania. Tak w\u0142a\u015bnie powsta\u0142a nasza marka \u2013 z unikalnego po\u0142\u0105czenia do\u015bwiadczenia profesjonalnego detailera i wiedzy chemika specjalizuj\u0105cego si\u0119 w tworzeniu zaawansowanych pow\u0142ok ochronnych. Widzieli\u015bmy, jak wiele produkt\u00f3w na rynku nie spe\u0142nia oczekiwa\u0144 \u2013 dlatego postanowili\u015bmy stworzy\u0107 w\u0142asne. Nasze formu\u0142y to efekt setek godzin test\u00f3w, dopracowywania detali i realnych potrzeb ludzi, kt\u00f3rzy codziennie pracuj\u0105 z samochodami. Nowa generacja ochrony zaczyna si\u0119 w\u0142a\u015bnie tutaj. Nasze pow\u0142oki ochronne Poznaj pow\u0142oki ceramiczne nowej generacji PRO-PLASTICS zabezpieczenie plastik\u00f3w PRO-NEXT coming soon PRO-NEXT coming soon PRO-NEXT coming soon PRO-NEXT coming soon Dlaczego warto wybra\u0107 nasze produkty? stworzone przez praktyk\u00f3w wyj\u0105tkowa trwa\u0142o\u015b\u0107 \u0142atwa aplikacja technologia nowej generacji biuro@provaspecialities.com<\/p>\n","protected":false},"author":2,"featured_media":0,"parent":0,"menu_order":0,"comment_status":"closed","ping_status":"closed","template":"","meta":{"footnotes":""},"class_list":["post-35","page","type-page","status-publish"],"_links":{"self":[{"href":"https:\/\/www.provaspecialities.com\/index.php?rest_route=\/wp\/v2\/pages\/35","targetHints":{"allow":["GET"]}}],"collection":[{"href":"https:\/\/www.provaspecialities.com\/index.php?rest_route=\/wp\/v2\/pages"}],"about":[{"href":"https:\/\/www.provaspecialities.com\/index.php?rest_route=\/wp\/v2\/types\/page"}],"author":[{"embeddable":true,"href":"https:\/\/www.provaspecialities.com\/index.php?rest_route=\/wp\/v2\/users\/2"}],"replies":[{"embeddable":true,"href":"https:\/\/www.provaspecialities.com\/index.php?rest_route=%2Fwp%2Fv2%2Fcomments&post=35"}],"version-history":[{"count":67,"href":"https:\/\/www.provaspecialities.com\/index.php?rest_route=\/wp\/v2\/pages\/35\/revisions"}],"predecessor-version":[{"id":248,"href":"https:\/\/www.provaspecialities.com\/index.php?rest_route=\/wp\/v2\/pages\/35\/revisions\/248"}],"wp:attachment":[{"href":"https:\/\/www.provaspecialities.com\/index.php?rest_route=%2Fwp%2Fv2%2Fmedia&parent=35"}],"curies":[{"name":"wp","href":"https:\/\/api.w.org\/{rel}","templated":true}]}}