{"id":216,"date":"2025-08-18T19:21:54","date_gmt":"2025-08-18T19:21:54","guid":{"rendered":"https:\/\/www.provaspecialities.com\/?page_id=216"},"modified":"2025-08-18T20:14:34","modified_gmt":"2025-08-18T20:14:34","slug":"produkty","status":"publish","type":"page","link":"https:\/\/www.provaspecialities.com\/?page_id=216","title":{"rendered":"Produkty"},"content":{"rendered":"\t\t<div data-elementor-type=\"wp-page\" data-elementor-id=\"216\" class=\"elementor elementor-216\">\n\t\t\t\t<div class=\"elementor-element elementor-element-1344a2a e-con-full e-flex e-con e-parent\" data-id=\"1344a2a\" data-element_type=\"container\" id=\"next\">\n\t\t\t\t<div class=\"elementor-element elementor-element-79a8d151 elementor-widget elementor-widget-heading\" data-id=\"79a8d151\" data-element_type=\"widget\" data-widget_type=\"heading.default\">\n\t\t\t\t<div class=\"elementor-widget-container\">\n\t\t\t\t\t<h3 class=\"elementor-heading-title elementor-size-default\">Nasze pow\u0142oki ochronne<\/h3>\t\t\t\t<\/div>\n\t\t\t\t<\/div>\n\t\t\t\t<div class=\"elementor-element elementor-element-6c5164fb elementor-widget elementor-widget-heading\" data-id=\"6c5164fb\" data-element_type=\"widget\" data-widget_type=\"heading.default\">\n\t\t\t\t<div class=\"elementor-widget-container\">\n\t\t\t\t\t<p class=\"elementor-heading-title elementor-size-default\">Poznaj pow\u0142oki ceramiczne nowej generacji<\/p>\t\t\t\t<\/div>\n\t\t\t\t<\/div>\n\t\t<div class=\"elementor-element elementor-element-3a8d56ca e-con-full e-flex e-con e-child\" data-id=\"3a8d56ca\" data-element_type=\"container\">\n\t\t<div class=\"elementor-element elementor-element-c6d5c34 e-con-full e-flex e-con e-child\" data-id=\"c6d5c34\" data-element_type=\"container\">\n\t\t\t\t<div class=\"elementor-element elementor-element-6ee30f32 elementor-position-top elementor-widget elementor-widget-image-box\" data-id=\"6ee30f32\" data-element_type=\"widget\" data-widget_type=\"image-box.default\">\n\t\t\t\t<div class=\"elementor-widget-container\">\n\t\t\t\t\t<div class=\"elementor-image-box-wrapper\"><figure class=\"elementor-image-box-img\"><a href=\"#\" tabindex=\"-1\"><img fetchpriority=\"high\" decoding=\"async\" width=\"1024\" height=\"1536\" src=\"https:\/\/www.provaspecialities.com\/wp-content\/uploads\/2025\/08\/ChatGPT-Image-17-sie-2025-21_34_09.png\" class=\"elementor-animation-grow attachment-full size-full wp-image-188\" alt=\"\" srcset=\"https:\/\/www.provaspecialities.com\/wp-content\/uploads\/2025\/08\/ChatGPT-Image-17-sie-2025-21_34_09.png 1024w, https:\/\/www.provaspecialities.com\/wp-content\/uploads\/2025\/08\/ChatGPT-Image-17-sie-2025-21_34_09-200x300.png 200w, https:\/\/www.provaspecialities.com\/wp-content\/uploads\/2025\/08\/ChatGPT-Image-17-sie-2025-21_34_09-683x1024.png 683w, https:\/\/www.provaspecialities.com\/wp-content\/uploads\/2025\/08\/ChatGPT-Image-17-sie-2025-21_34_09-768x1152.png 768w\" sizes=\"(max-width: 1024px) 100vw, 1024px\" \/><\/a><\/figure><div class=\"elementor-image-box-content\"><h4 class=\"elementor-image-box-title\"><a href=\"#\">PRO-PLASTICS<\/a><\/h4><p class=\"elementor-image-box-description\">zabezpieczenie plastik\u00f3w<\/p><\/div><\/div>\t\t\t\t<\/div>\n\t\t\t\t<\/div>\n\t\t\t\t<\/div>\n\t\t<div class=\"elementor-element elementor-element-7e773c78 e-con-full e-flex e-con e-child\" data-id=\"7e773c78\" data-element_type=\"container\">\n\t\t\t\t<div class=\"elementor-element elementor-element-13c5218 elementor-position-top elementor-widget elementor-widget-image-box\" data-id=\"13c5218\" data-element_type=\"widget\" data-widget_type=\"image-box.default\">\n\t\t\t\t<div class=\"elementor-widget-container\">\n\t\t\t\t\t<div class=\"elementor-image-box-wrapper\"><figure class=\"elementor-image-box-img\"><a href=\"#\" tabindex=\"-1\"><img decoding=\"async\" width=\"1024\" height=\"1536\" src=\"https:\/\/www.provaspecialities.com\/wp-content\/uploads\/2025\/08\/ChatGPT-Image-10-sie-2025-19_33_20.png\" class=\"elementor-animation-grow attachment-full size-full wp-image-170\" alt=\"\" srcset=\"https:\/\/www.provaspecialities.com\/wp-content\/uploads\/2025\/08\/ChatGPT-Image-10-sie-2025-19_33_20.png 1024w, https:\/\/www.provaspecialities.com\/wp-content\/uploads\/2025\/08\/ChatGPT-Image-10-sie-2025-19_33_20-200x300.png 200w, https:\/\/www.provaspecialities.com\/wp-content\/uploads\/2025\/08\/ChatGPT-Image-10-sie-2025-19_33_20-683x1024.png 683w, https:\/\/www.provaspecialities.com\/wp-content\/uploads\/2025\/08\/ChatGPT-Image-10-sie-2025-19_33_20-768x1152.png 768w\" sizes=\"(max-width: 1024px) 100vw, 1024px\" \/><\/a><\/figure><div class=\"elementor-image-box-content\"><h4 class=\"elementor-image-box-title\"><a href=\"#\">PRO-NEXT <\/a><\/h4><p class=\"elementor-image-box-description\">coming soon<\/p><\/div><\/div>\t\t\t\t<\/div>\n\t\t\t\t<\/div>\n\t\t\t\t<\/div>\n\t\t<div class=\"elementor-element elementor-element-5e2d886a e-con-full e-flex e-con e-child\" data-id=\"5e2d886a\" data-element_type=\"container\">\n\t\t\t\t<div class=\"elementor-element elementor-element-6bd731b7 elementor-position-top elementor-widget elementor-widget-image-box\" data-id=\"6bd731b7\" data-element_type=\"widget\" data-widget_type=\"image-box.default\">\n\t\t\t\t<div class=\"elementor-widget-container\">\n\t\t\t\t\t<div class=\"elementor-image-box-wrapper\"><figure class=\"elementor-image-box-img\"><a href=\"#\" tabindex=\"-1\"><img decoding=\"async\" width=\"1024\" height=\"1536\" src=\"https:\/\/www.provaspecialities.com\/wp-content\/uploads\/2025\/08\/ChatGPT-Image-10-sie-2025-19_33_20.png\" class=\"elementor-animation-grow attachment-full size-full wp-image-170\" alt=\"\" srcset=\"https:\/\/www.provaspecialities.com\/wp-content\/uploads\/2025\/08\/ChatGPT-Image-10-sie-2025-19_33_20.png 1024w, https:\/\/www.provaspecialities.com\/wp-content\/uploads\/2025\/08\/ChatGPT-Image-10-sie-2025-19_33_20-200x300.png 200w, https:\/\/www.provaspecialities.com\/wp-content\/uploads\/2025\/08\/ChatGPT-Image-10-sie-2025-19_33_20-683x1024.png 683w, https:\/\/www.provaspecialities.com\/wp-content\/uploads\/2025\/08\/ChatGPT-Image-10-sie-2025-19_33_20-768x1152.png 768w\" sizes=\"(max-width: 1024px) 100vw, 1024px\" \/><\/a><\/figure><div class=\"elementor-image-box-content\"><h4 class=\"elementor-image-box-title\"><a href=\"#\">PRO-NEXT <\/a><\/h4><p class=\"elementor-image-box-description\">coming soon<\/p><\/div><\/div>\t\t\t\t<\/div>\n\t\t\t\t<\/div>\n\t\t\t\t<\/div>\n\t\t<div class=\"elementor-element elementor-element-6d92ade4 e-con-full e-flex e-con e-child\" data-id=\"6d92ade4\" data-element_type=\"container\">\n\t\t\t\t<div class=\"elementor-element elementor-element-355efb02 elementor-position-top elementor-widget elementor-widget-image-box\" data-id=\"355efb02\" data-element_type=\"widget\" data-widget_type=\"image-box.default\">\n\t\t\t\t<div class=\"elementor-widget-container\">\n\t\t\t\t\t<div class=\"elementor-image-box-wrapper\"><figure class=\"elementor-image-box-img\"><a href=\"#\" tabindex=\"-1\"><img decoding=\"async\" width=\"1024\" height=\"1536\" src=\"https:\/\/www.provaspecialities.com\/wp-content\/uploads\/2025\/08\/ChatGPT-Image-10-sie-2025-19_33_20.png\" class=\"elementor-animation-grow attachment-full size-full wp-image-170\" alt=\"\" srcset=\"https:\/\/www.provaspecialities.com\/wp-content\/uploads\/2025\/08\/ChatGPT-Image-10-sie-2025-19_33_20.png 1024w, https:\/\/www.provaspecialities.com\/wp-content\/uploads\/2025\/08\/ChatGPT-Image-10-sie-2025-19_33_20-200x300.png 200w, https:\/\/www.provaspecialities.com\/wp-content\/uploads\/2025\/08\/ChatGPT-Image-10-sie-2025-19_33_20-683x1024.png 683w, https:\/\/www.provaspecialities.com\/wp-content\/uploads\/2025\/08\/ChatGPT-Image-10-sie-2025-19_33_20-768x1152.png 768w\" sizes=\"(max-width: 1024px) 100vw, 1024px\" \/><\/a><\/figure><div class=\"elementor-image-box-content\"><h4 class=\"elementor-image-box-title\"><a href=\"#\">PRO-NEXT <\/a><\/h4><p class=\"elementor-image-box-description\">coming soon<\/p><\/div><\/div>\t\t\t\t<\/div>\n\t\t\t\t<\/div>\n\t\t\t\t<\/div>\n\t\t<div class=\"elementor-element elementor-element-609dd1f1 e-con-full e-flex e-con e-child\" data-id=\"609dd1f1\" data-element_type=\"container\">\n\t\t\t\t<div class=\"elementor-element elementor-element-2686bd7e elementor-position-top elementor-widget elementor-widget-image-box\" data-id=\"2686bd7e\" data-element_type=\"widget\" data-widget_type=\"image-box.default\">\n\t\t\t\t<div class=\"elementor-widget-container\">\n\t\t\t\t\t<div class=\"elementor-image-box-wrapper\"><figure class=\"elementor-image-box-img\"><a href=\"#\" tabindex=\"-1\"><img decoding=\"async\" width=\"1024\" height=\"1536\" src=\"https:\/\/www.provaspecialities.com\/wp-content\/uploads\/2025\/08\/ChatGPT-Image-10-sie-2025-19_33_20.png\" class=\"elementor-animation-grow attachment-full size-full wp-image-170\" alt=\"\" srcset=\"https:\/\/www.provaspecialities.com\/wp-content\/uploads\/2025\/08\/ChatGPT-Image-10-sie-2025-19_33_20.png 1024w, https:\/\/www.provaspecialities.com\/wp-content\/uploads\/2025\/08\/ChatGPT-Image-10-sie-2025-19_33_20-200x300.png 200w, https:\/\/www.provaspecialities.com\/wp-content\/uploads\/2025\/08\/ChatGPT-Image-10-sie-2025-19_33_20-683x1024.png 683w, https:\/\/www.provaspecialities.com\/wp-content\/uploads\/2025\/08\/ChatGPT-Image-10-sie-2025-19_33_20-768x1152.png 768w\" sizes=\"(max-width: 1024px) 100vw, 1024px\" \/><\/a><\/figure><div class=\"elementor-image-box-content\"><h4 class=\"elementor-image-box-title\"><a href=\"#\">PRO-NEXT <\/a><\/h4><p class=\"elementor-image-box-description\">coming soon<\/p><\/div><\/div>\t\t\t\t<\/div>\n\t\t\t\t<\/div>\n\t\t\t\t<\/div>\n\t\t\t\t<\/div>\n\t\t\t\t<\/div>\n\t\t\t\t<\/div>\n\t\t","protected":false},"excerpt":{"rendered":"<p>Nasze pow\u0142oki ochronne Poznaj pow\u0142oki ceramiczne nowej generacji PRO-PLASTICS zabezpieczenie plastik\u00f3w PRO-NEXT coming soon PRO-NEXT coming soon PRO-NEXT coming soon PRO-NEXT coming soon<\/p>\n","protected":false},"author":2,"featured_media":0,"parent":0,"menu_order":0,"comment_status":"closed","ping_status":"closed","template":"","meta":{"footnotes":""},"class_list":["post-216","page","type-page","status-publish"],"_links":{"self":[{"href":"https:\/\/www.provaspecialities.com\/index.php?rest_route=\/wp\/v2\/pages\/216","targetHints":{"allow":["GET"]}}],"collection":[{"href":"https:\/\/www.provaspecialities.com\/index.php?rest_route=\/wp\/v2\/pages"}],"about":[{"href":"https:\/\/www.provaspecialities.com\/index.php?rest_route=\/wp\/v2\/types\/page"}],"author":[{"embeddable":true,"href":"https:\/\/www.provaspecialities.com\/index.php?rest_route=\/wp\/v2\/users\/2"}],"replies":[{"embeddable":true,"href":"https:\/\/www.provaspecialities.com\/index.php?rest_route=%2Fwp%2Fv2%2Fcomments&post=216"}],"version-history":[{"count":7,"href":"https:\/\/www.provaspecialities.com\/index.php?rest_route=\/wp\/v2\/pages\/216\/revisions"}],"predecessor-version":[{"id":244,"href":"https:\/\/www.provaspecialities.com\/index.php?rest_route=\/wp\/v2\/pages\/216\/revisions\/244"}],"wp:attachment":[{"href":"https:\/\/www.provaspecialities.com\/index.php?rest_route=%2Fwp%2Fv2%2Fmedia&parent=216"}],"curies":[{"name":"wp","href":"https:\/\/api.w.org\/{rel}","templated":true}]}}